{"id":12,"date":"2021-03-10T12:10:41","date_gmt":"2021-03-10T12:10:41","guid":{"rendered":"http:\/\/www.praxis-vielfalt.at\/?page_id=12"},"modified":"2021-11-21T08:54:10","modified_gmt":"2021-11-21T08:54:10","slug":"kontakt","status":"publish","type":"page","link":"https:\/\/www.praxis-vielfalt.at\/?page_id=12","title":{"rendered":"Anfahrt"},"content":{"rendered":"\n<h3 class=\"wp-block-heading\"><strong>Praxis  Vielfalt<\/strong><\/h3>\n\n\n\n<p>Dr. Kasimir Graff &#8211; Gasse 4<\/p>\n\n\n\n<p>2384 Breitenfurt<\/p>\n\n\n\n<p><\/p>\n\n\n\n<h3 class=\"wp-block-heading\"><strong>Per Auto:<\/strong><\/h3>\n\n\n\n<p>Von Liesing kommend fahren sie bis zur Ampel in Breitenfurt Ost. Links abbiegen, die n\u00e4chste M\u00f6glichkeit links und die 2 Gasse rechts. In der Dr. Kasimir Graffgasse gibt es gute Parkm\u00f6glichkeiten direkt vor der Praxis. Dann gehen sie bitte&nbsp;links vom Geb\u00e4ude die Stufen hinauf in den Warteraum.<\/p>\n\n\n\n<h3 class=\"wp-block-heading\"><strong>\u00d6ffentlich:<\/strong><\/h3>\n\n\n\n<p>Mit dem Bus 254 von Liesing nach Breitenfurt. Sie steigen direkt vor der Ampel aus, gehen dann bei der Ampel links, die n\u00e4chste Stra\u00dfe links und die 2te Gasse rechts hinein. Vor der Dr. Kasimir Graffgasse 4 gehen sie bitte links vom Geb\u00e4ude die Stufen hinauf in den Warteraum. Die Gehzeit von der Haltestelle betr\u00e4gt 7 Minuten.<\/p>\n\n\n\n<figure class=\"wp-block-image size-large\"><img loading=\"lazy\" decoding=\"async\" width=\"1024\" height=\"400\" src=\"https:\/\/www.praxis-vielfalt.at\/wp-content\/uploads\/2021\/10\/Bildschirmfoto-2021-10-06-um-12.44.17-1-1024x400.png\" alt=\"\" class=\"wp-image-408\" srcset=\"https:\/\/www.praxis-vielfalt.at\/wp-content\/uploads\/2021\/10\/Bildschirmfoto-2021-10-06-um-12.44.17-1-1024x400.png 1024w, https:\/\/www.praxis-vielfalt.at\/wp-content\/uploads\/2021\/10\/Bildschirmfoto-2021-10-06-um-12.44.17-1-300x117.png 300w, https:\/\/www.praxis-vielfalt.at\/wp-content\/uploads\/2021\/10\/Bildschirmfoto-2021-10-06-um-12.44.17-1-768x300.png 768w, https:\/\/www.praxis-vielfalt.at\/wp-content\/uploads\/2021\/10\/Bildschirmfoto-2021-10-06-um-12.44.17-1-1536x601.png 1536w, https:\/\/www.praxis-vielfalt.at\/wp-content\/uploads\/2021\/10\/Bildschirmfoto-2021-10-06-um-12.44.17-1.png 1908w\" sizes=\"auto, (max-width: 1024px) 100vw, 1024px\" \/><\/figure>\n\n\n\n<p>Klicken Sie hier f\u00fcr die Ansicht in <a href=\"https:\/\/www.google.com\/maps\/place\/Dr.Kasimir+Graff-Gasse+4,+2384+Breitenfurt+bei+Wien\/@48.1339287,16.1934162,17z\/data=!3m1!4b1!4m5!3m4!1s0x476da69e27e23e51:0xe01fb1aa7b6a6dc0!8m2!3d48.1339287!4d16.1956049\" data-type=\"URL\" data-id=\"https:\/\/www.google.com\/maps\/place\/Dr.Kasimir+Graff-Gasse+4,+2384+Breitenfurt+bei+Wien\/@48.1339287,16.1934162,17z\/data=!3m1!4b1!4m5!3m4!1s0x476da69e27e23e51:0xe01fb1aa7b6a6dc0!8m2!3d48.1339287!4d16.1956049\">google maps<\/a><\/p>\n\n\n\n<p><\/p>\n\n\n","protected":false},"excerpt":{"rendered":"<p>Praxis Vielfalt Dr. Kasimir Graff &#8211; Gasse 4 2384 Breitenfurt Per Auto: Von Liesing kommend fahren sie bis zur Ampel in Breitenfurt Ost. Links abbiegen, die n\u00e4chste M\u00f6glichkeit links und die 2 Gasse rechts. In der Dr. Kasimir Graffgasse gibt es gute Parkm\u00f6glichkeiten direkt vor der Praxis. Dann gehen sie bitte&nbsp;links vom Geb\u00e4ude die Stufen<\/p>\n<div class=\"read-more-wrapper\"><a class=\"read-more\" href=\"https:\/\/www.praxis-vielfalt.at\/?page_id=12\" title=\"Read More\"> <span class=\"button default\">Read More<\/span><\/a><\/div>\n","protected":false},"author":1,"featured_media":0,"parent":0,"menu_order":0,"comment_status":"closed","ping_status":"closed","template":"","meta":{"footnotes":""},"class_list":["post-12","page","type-page","status-publish","hentry"],"_links":{"self":[{"href":"https:\/\/www.praxis-vielfalt.at\/index.php?rest_route=\/wp\/v2\/pages\/12","targetHints":{"allow":["GET"]}}],"collection":[{"href":"https:\/\/www.praxis-vielfalt.at\/index.php?rest_route=\/wp\/v2\/pages"}],"about":[{"href":"https:\/\/www.praxis-vielfalt.at\/index.php?rest_route=\/wp\/v2\/types\/page"}],"author":[{"embeddable":true,"href":"https:\/\/www.praxis-vielfalt.at\/index.php?rest_route=\/wp\/v2\/users\/1"}],"replies":[{"embeddable":true,"href":"https:\/\/www.praxis-vielfalt.at\/index.php?rest_route=%2Fwp%2Fv2%2Fcomments&post=12"}],"version-history":[{"count":15,"href":"https:\/\/www.praxis-vielfalt.at\/index.php?rest_route=\/wp\/v2\/pages\/12\/revisions"}],"predecessor-version":[{"id":650,"href":"https:\/\/www.praxis-vielfalt.at\/index.php?rest_route=\/wp\/v2\/pages\/12\/revisions\/650"}],"wp:attachment":[{"href":"https:\/\/www.praxis-vielfalt.at\/index.php?rest_route=%2Fwp%2Fv2%2Fmedia&parent=12"}],"curies":[{"name":"wp","href":"https:\/\/api.w.org\/{rel}","templated":true}]}}