{"id":143,"date":"2021-04-14T08:05:11","date_gmt":"2021-04-14T08:05:11","guid":{"rendered":"http:\/\/www.praxis-vielfalt.at\/?page_id=143"},"modified":"2021-11-21T08:37:27","modified_gmt":"2021-11-21T08:37:27","slug":"biodynamik","status":"publish","type":"page","link":"https:\/\/www.praxis-vielfalt.at\/?page_id=143","title":{"rendered":"Biodynamik"},"content":{"rendered":"\n<p>&#8222;Der K\u00f6rper dr\u00fcckt aus was nicht gesagt werden kann und wor\u00fcber zu schweigen unm\u00f6glich ist.&#8220;<\/p>\n\n\n\n<p>Oft sind psychosomatische Symptome, Krankheiten und seelische N\u00f6te ein untr\u00fcgliches Zeichen, dass in unserem Leben etwas nicht stimmt.<\/p>\n\n\n\n<p>In der Biodynamik werden K\u00f6rper und Seele als 2 Seiten desselben Lebensprozesses angesehen. und sind somit untrennbar miteinander verbunden. <\/p>\n\n\n\n<p>Durch Gespr\u00e4che, Entspannungs- und Wahrnehmungs\u00fcbungen und gezielte sanfte Ber\u00fchrung k\u00f6nnen Themen die im K\u00f6rper festgehalten werden, ersp\u00fcrt werden und in Bewegung kommen. Nach und Nach wird es m\u00f6glich Zugang zu unserer Kraft und&nbsp;Lebendigkeit zu finden.&nbsp;&nbsp;&nbsp;&nbsp;&nbsp;&nbsp;&nbsp;&nbsp;&nbsp;&nbsp;&nbsp;&nbsp;&nbsp;&nbsp;&nbsp;&nbsp;&nbsp;&nbsp;&nbsp;&nbsp;&nbsp;&nbsp;&nbsp;&nbsp;&nbsp;&nbsp;&nbsp;&nbsp;&nbsp;&nbsp;&nbsp;&nbsp;&nbsp;&nbsp;&nbsp;&nbsp;&nbsp;&nbsp;&nbsp;&nbsp;&nbsp;&nbsp;&nbsp;&nbsp;&nbsp;&nbsp;&nbsp;&nbsp;&nbsp;&nbsp;&nbsp;&nbsp;&nbsp;&nbsp;&nbsp;&nbsp;&nbsp;&nbsp;&nbsp;&nbsp;&nbsp;&nbsp;&nbsp;&nbsp;&nbsp;&nbsp;&nbsp;&nbsp;&nbsp;&nbsp;&nbsp;&nbsp;&nbsp;&nbsp;&nbsp;&nbsp;&nbsp;&nbsp;&nbsp;&nbsp;&nbsp;&nbsp;&nbsp;&nbsp;&nbsp;&nbsp;&nbsp;&nbsp;&nbsp;&nbsp;&nbsp;&nbsp;&nbsp;&nbsp;&nbsp;&nbsp;&nbsp;&nbsp;&nbsp;&nbsp;&nbsp;&nbsp;&nbsp;&nbsp;&nbsp;&nbsp;<\/p>\n\n\n\n<p>&nbsp;Genauere Informationen \u00fcber die Methode lesen sie bitte hier: <a href=\"http:\/\/Biodynamik (PDF-Dokument)\">http:\/\/Biodynamik (PDF-Dokument)<\/a><\/p>\n\n\n\n<p><\/p>\n\n\n\n<p>Genauere Informationen finden sie unter: <a href=\"http:\/\/www.claudiagraf.at\">www.claudiagraf.at<\/a><\/p>\n\n\n\n<p>Tel.: 06644641014<\/p>\n","protected":false},"excerpt":{"rendered":"<p>&#8222;Der K\u00f6rper dr\u00fcckt aus was nicht gesagt werden kann und wor\u00fcber zu schweigen unm\u00f6glich ist.&#8220; Oft sind psychosomatische Symptome, Krankheiten und seelische N\u00f6te ein untr\u00fcgliches Zeichen, dass in unserem Leben etwas nicht stimmt. In der Biodynamik werden K\u00f6rper und Seele als 2 Seiten desselben Lebensprozesses angesehen. und sind somit untrennbar miteinander verbunden. Durch Gespr\u00e4che, Entspannungs-<\/p>\n<div class=\"read-more-wrapper\"><a class=\"read-more\" href=\"https:\/\/www.praxis-vielfalt.at\/?page_id=143\" title=\"Read More\"> <span class=\"button default\">Read More<\/span><\/a><\/div>\n","protected":false},"author":1,"featured_media":0,"parent":47,"menu_order":0,"comment_status":"closed","ping_status":"closed","template":"","meta":{"footnotes":""},"class_list":["post-143","page","type-page","status-publish","hentry"],"_links":{"self":[{"href":"https:\/\/www.praxis-vielfalt.at\/index.php?rest_route=\/wp\/v2\/pages\/143","targetHints":{"allow":["GET"]}}],"collection":[{"href":"https:\/\/www.praxis-vielfalt.at\/index.php?rest_route=\/wp\/v2\/pages"}],"about":[{"href":"https:\/\/www.praxis-vielfalt.at\/index.php?rest_route=\/wp\/v2\/types\/page"}],"author":[{"embeddable":true,"href":"https:\/\/www.praxis-vielfalt.at\/index.php?rest_route=\/wp\/v2\/users\/1"}],"replies":[{"embeddable":true,"href":"https:\/\/www.praxis-vielfalt.at\/index.php?rest_route=%2Fwp%2Fv2%2Fcomments&post=143"}],"version-history":[{"count":8,"href":"https:\/\/www.praxis-vielfalt.at\/index.php?rest_route=\/wp\/v2\/pages\/143\/revisions"}],"predecessor-version":[{"id":636,"href":"https:\/\/www.praxis-vielfalt.at\/index.php?rest_route=\/wp\/v2\/pages\/143\/revisions\/636"}],"up":[{"embeddable":true,"href":"https:\/\/www.praxis-vielfalt.at\/index.php?rest_route=\/wp\/v2\/pages\/47"}],"wp:attachment":[{"href":"https:\/\/www.praxis-vielfalt.at\/index.php?rest_route=%2Fwp%2Fv2%2Fmedia&parent=143"}],"curies":[{"name":"wp","href":"https:\/\/api.w.org\/{rel}","templated":true}]}}