{"id":323,"date":"2021-09-19T13:14:40","date_gmt":"2021-09-19T13:14:40","guid":{"rendered":"http:\/\/www.praxis-vielfalt.at\/?page_id=323"},"modified":"2021-10-06T09:44:07","modified_gmt":"2021-10-06T09:44:07","slug":"impressum","status":"publish","type":"page","link":"https:\/\/www.praxis-vielfalt.at\/?page_id=323","title":{"rendered":"Impressum"},"content":{"rendered":"\n<p><strong>Informationen laut ECG<\/strong><\/p>\n\n\n\n<p><\/p>\n\n\n\n<p>Claudia Graf<\/p>\n\n\n\n<p>Shiatsu und Biodynamik<\/p>\n\n\n\n<p>Telefonummer: +43 664464 10 14<br>Email: claudiagraf@gmx.at<\/p>\n\n\n\n<p>\u00d6DS \u00d6sterreichischer Dachverband f\u00fcr Shiatsu, <\/p>\n\n\n\n<p>AABP Austrian Association for Bodypsychotherapy<\/p>\n\n\n\n<p><\/p>\n\n\n\n<p>Mag.<sup>a<\/sup>&nbsp;Bettina Aschauer-Guth<\/p>\n\n\n\n<p>Klinische- und Gesundheitspsychologin<br>Psychologische Beratung und Behandlung, Systemische Familien- und Organisationsaufstellungsleiterin&nbsp;&nbsp;&nbsp;&nbsp;&nbsp;&nbsp;&nbsp;&nbsp;&nbsp;&nbsp;&nbsp;&nbsp;&nbsp;&nbsp;&nbsp;&nbsp;<\/p>\n\n\n\n<p>Dr. Kasimir Graff-Gasse 4<br>2384 Breitenfurt<\/p>\n\n\n\n<p>Telefonnummer: &nbsp;+43 6503779773<br>Email: &nbsp;praxis@aschauer-guth.at&nbsp;<\/p>\n\n\n\n<p>Berufsverband \u00f6sterreichischer Psychologen<\/p>\n\n\n\n<hr class=\"wp-block-separator\"\/>\n\n\n\n<p><strong>Konzept und Text<\/strong>:<\/p>\n\n\n\n<p>Claudia Graf und Mag.<sup>a<\/sup>&nbsp;Bettina Aschauer-Guth<\/p>\n\n\n\n<hr class=\"wp-block-separator\"\/>\n\n\n\n<p><strong>Design und technische Umsetzung<\/strong>:<\/p>\n\n\n\n<p>Claudia Graf und Mag.<sup>a<\/sup>&nbsp;Bettina Aschauer-Guth<\/p>\n\n\n\n<hr class=\"wp-block-separator\"\/>\n\n\n\n<p><strong>Der Inhalt dieser Webseite ist urheberrechtlich gesch\u00fctzt. Alle Rechte sind vorbehalten.<\/strong><br>Die Zusammenstellung der Informationen auf dieser Webseite wurde mit gr\u00f6\u00dftm\u00f6glicher Sorgfalt vorgenommen.&nbsp;Es wird jedoch keine Garantie \u2013 weder ausdr\u00fccklich noch stillschweigend \u2013 f\u00fcr die Vollst\u00e4ndigkeit, Richtigkeit oder Aktualit\u00e4t der Informationen auf dieser Website \u00fcbernommen.<\/p>\n\n\n\n<p>Haftungsanspr\u00fcche gegen Claudia Graf und Mag.a Bettina Aschauer-Guth f\u00fcr Sch\u00e4den materieller oder immaterieller Art, die auf gegebenenfalls fehlerhaften oder unvollst\u00e4ndigen Informationen und Daten beruhen, sind ausgeschlossen. F\u00fcr Inhalte externer Links \u00fcbernimmt Claudia Graf und Mag. Bettina Aschauer-Guth keinerlei Verantwortung. Schreib- und Satzfehler werden vorbehalten.&nbsp;<\/p>\n\n\n\n<p><strong>Urheberrecht<\/strong><br>Die durch die Seitenbetreiber erstellten Inhalte und Werke auf diesen Seiten unterliegen dem \u00f6sterreichischen Urheberrecht. Die Vervielf\u00e4ltigung, Bearbeitung, Verbreitung und jede Art der Verwertung au\u00dferhalb der Grenzen des Urheberrechtes bed\u00fcrfen der schriftlichen Zustimmung des jeweiligen Autors bzw. Erstellers. Downloads und Kopien dieser Seite sind nur f\u00fcr den privaten, nicht kommerziellen Gebrauch gestattet. Soweit die Inhalte auf dieser Seite nicht vom Betreiber erstellt wurden, werden die Urheberrechte Dritter beachtet. Insbesondere werden Inhalte Dritter als solche gekennzeichnet. Sollten Sie trotzdem auf eine Urheberrechtsverletzung aufmerksam werden, bitten wir um einen entsprechenden Hinweis. Bei Bekanntwerden von Rechtsverletzungen werden wir derartige Inhalte umgehend entfernen.<\/p>\n","protected":false},"excerpt":{"rendered":"<p>Informationen laut ECG Claudia Graf Shiatsu und Biodynamik Telefonummer: +43 664464 10 14Email: claudiagraf@gmx.at \u00d6DS \u00d6sterreichischer Dachverband f\u00fcr Shiatsu, AABP Austrian Association for Bodypsychotherapy Mag.a&nbsp;Bettina Aschauer-Guth Klinische- und GesundheitspsychologinPsychologische Beratung und Behandlung, Systemische Familien- und Organisationsaufstellungsleiterin&nbsp;&nbsp;&nbsp;&nbsp;&nbsp;&nbsp;&nbsp;&nbsp;&nbsp;&nbsp;&nbsp;&nbsp;&nbsp;&nbsp;&nbsp;&nbsp; Dr. Kasimir Graff-Gasse 42384 Breitenfurt Telefonnummer: &nbsp;+43 6503779773Email: &nbsp;praxis@aschauer-guth.at&nbsp; Berufsverband \u00f6sterreichischer Psychologen Konzept und Text: Claudia Graf und Mag.a&nbsp;Bettina<\/p>\n<div class=\"read-more-wrapper\"><a class=\"read-more\" href=\"https:\/\/www.praxis-vielfalt.at\/?page_id=323\" title=\"Read More\"> <span class=\"button default\">Read More<\/span><\/a><\/div>\n","protected":false},"author":1,"featured_media":0,"parent":0,"menu_order":0,"comment_status":"closed","ping_status":"closed","template":"","meta":{"footnotes":""},"class_list":["post-323","page","type-page","status-publish","hentry"],"_links":{"self":[{"href":"https:\/\/www.praxis-vielfalt.at\/index.php?rest_route=\/wp\/v2\/pages\/323","targetHints":{"allow":["GET"]}}],"collection":[{"href":"https:\/\/www.praxis-vielfalt.at\/index.php?rest_route=\/wp\/v2\/pages"}],"about":[{"href":"https:\/\/www.praxis-vielfalt.at\/index.php?rest_route=\/wp\/v2\/types\/page"}],"author":[{"embeddable":true,"href":"https:\/\/www.praxis-vielfalt.at\/index.php?rest_route=\/wp\/v2\/users\/1"}],"replies":[{"embeddable":true,"href":"https:\/\/www.praxis-vielfalt.at\/index.php?rest_route=%2Fwp%2Fv2%2Fcomments&post=323"}],"version-history":[{"count":2,"href":"https:\/\/www.praxis-vielfalt.at\/index.php?rest_route=\/wp\/v2\/pages\/323\/revisions"}],"predecessor-version":[{"id":332,"href":"https:\/\/www.praxis-vielfalt.at\/index.php?rest_route=\/wp\/v2\/pages\/323\/revisions\/332"}],"wp:attachment":[{"href":"https:\/\/www.praxis-vielfalt.at\/index.php?rest_route=%2Fwp%2Fv2%2Fmedia&parent=323"}],"curies":[{"name":"wp","href":"https:\/\/api.w.org\/{rel}","templated":true}]}}