{"id":34,"date":"2021-03-12T09:46:51","date_gmt":"2021-03-12T09:46:51","guid":{"rendered":"http:\/\/www.praxis-vielfalt.at\/?page_id=34"},"modified":"2021-12-13T21:00:52","modified_gmt":"2021-12-13T21:00:52","slug":"bernadette-walch","status":"publish","type":"page","link":"https:\/\/www.praxis-vielfalt.at\/?page_id=34","title":{"rendered":"Bernadette Walch"},"content":{"rendered":"\n<h2 class=\"has-text-align-center wp-block-heading\">Logop\u00e4din<\/h2>\n\n\n\n<p><\/p>\n\n\n\n<div style=\"height:41px\" aria-hidden=\"true\" class=\"wp-block-spacer\"><\/div>\n\n\n\n<div class=\"wp-block-columns is-layout-flex wp-container-core-columns-is-layout-9d6595d7 wp-block-columns-is-layout-flex\">\n<div class=\"wp-block-column is-layout-flow wp-block-column-is-layout-flow\">\n<p><strong>Therapieschwerpunkte Erwachsene<\/strong>:<\/p>\n\n\n\n<p><strong>Ich stehe Ihnen gerne therapeutisch zur Seite bei:<\/strong><\/p>\n\n\n\n<ul class=\"wp-block-list\"><li>Artikulationsst\u00f6rungen\/ Sprachfehlern&nbsp;<\/li><li>neurologisch bedingten Sprach- und Sprechst\u00f6rungen<\/li><li>Stimmst\u00f6rungen<\/li><li>Gesichtsl\u00e4hmungen<\/li><li>Fehlfunktionen der Kau- und Gesichtsmuskulatur&nbsp;&nbsp;<\/li><li>z.B.: Zahnfehlstellungen aufgrund eines falschen Schluckmusters<\/li><\/ul>\n\n\n\n<div style=\"height:45px\" aria-hidden=\"true\" class=\"wp-block-spacer\"><\/div>\n\n\n\n<p><strong>Therapieschwerpunkt Kinder und Jugendliche:<\/strong><\/p>\n\n\n\n<p><strong>Ich stehe Ihnen gerne therapeutisch zur Seite bei:<\/strong><\/p>\n\n\n\n<ul class=\"wp-block-list\"><li>Unsicherheiten aller Art in der Sprachentwicklung<\/li><li>(Sprachverst\u00e4ndnis, Wortschatz, Satzbau, Grammatik, Phonologie)<\/li><li>Artikulationsst\u00f6rungen\/ Sprachfehlern<\/li><li>Auditiven Verarbeitungsst\u00f6rungen<\/li><li>Lese- Rechtschreibproblemen<\/li><li>Verbaler-Entwicklungs-Dyspraxie<\/li><li>Stimmst\u00f6rungen<\/li><li>Fehlfunktionen der Kau- und Gesichtsmuskulatur<\/li><li>z.B.: Zahnfehlstellungen aufgrund eines falschen Schluckmuster<\/li><\/ul>\n\n\n\n<div style=\"height:42px\" aria-hidden=\"true\" class=\"wp-block-spacer\"><\/div>\n\n\n\n<p>Genauere Informationen erhalten Sie bei:<\/p>\n\n\n\n<p>Tel.: 06508846152<\/p>\n<\/div>\n\n\n\n<div class=\"wp-block-column is-layout-flow wp-block-column-is-layout-flow\">\n<figure class=\"wp-block-image size-large is-resized is-style-rounded\"><img loading=\"lazy\" decoding=\"async\" src=\"https:\/\/www.praxis-vielfalt.at\/wp-content\/uploads\/2021\/12\/Bernadette-135-von-169-Bearbeitet-2-683x1024.jpg\" alt=\"\" class=\"wp-image-671\" width=\"362\" height=\"542\" srcset=\"https:\/\/www.praxis-vielfalt.at\/wp-content\/uploads\/2021\/12\/Bernadette-135-von-169-Bearbeitet-2-683x1024.jpg 683w, https:\/\/www.praxis-vielfalt.at\/wp-content\/uploads\/2021\/12\/Bernadette-135-von-169-Bearbeitet-2-200x300.jpg 200w, https:\/\/www.praxis-vielfalt.at\/wp-content\/uploads\/2021\/12\/Bernadette-135-von-169-Bearbeitet-2-768x1152.jpg 768w, https:\/\/www.praxis-vielfalt.at\/wp-content\/uploads\/2021\/12\/Bernadette-135-von-169-Bearbeitet-2-1024x1536.jpg 1024w, https:\/\/www.praxis-vielfalt.at\/wp-content\/uploads\/2021\/12\/Bernadette-135-von-169-Bearbeitet-2-1365x2048.jpg 1365w, https:\/\/www.praxis-vielfalt.at\/wp-content\/uploads\/2021\/12\/Bernadette-135-von-169-Bearbeitet-2-scaled.jpg 1706w\" sizes=\"auto, (max-width: 362px) 100vw, 362px\" \/><\/figure>\n<\/div>\n<\/div>\n\n\n\n<div style=\"height:34px\" aria-hidden=\"true\" class=\"wp-block-spacer\"><\/div>\n\n\n\n<p>Seit der Corona-Pandemie findet die Therapie in meiner Praxis in Breitenfurt-West, Hauptstra\u00dfe 16 statt. Dort kann ich die Hygienema\u00dfnahmen ideal umsetzen und der Warteraum kann von jedem Patienten\/ jeder Patientin alleine gen\u00fctzt werden.<\/p>\n\n\n\n<div class=\"wp-block-columns is-layout-flex wp-container-core-columns-is-layout-9d6595d7 wp-block-columns-is-layout-flex\">\n<div class=\"wp-block-column is-layout-flow wp-block-column-is-layout-flow\">\n<p><\/p>\n<\/div>\n\n\n\n<div class=\"wp-block-column is-layout-flow wp-block-column-is-layout-flow\"><\/div>\n<\/div>\n\n\n\n<div class=\"wp-block-columns is-layout-flex wp-container-core-columns-is-layout-9d6595d7 wp-block-columns-is-layout-flex\">\n<div class=\"wp-block-column is-layout-flow wp-block-column-is-layout-flow\"><\/div>\n\n\n\n<div class=\"wp-block-column is-layout-flow wp-block-column-is-layout-flow\"><\/div>\n<\/div>\n\n\n\n<div class=\"wp-block-group\"><div class=\"wp-block-group__inner-container is-layout-flow wp-block-group-is-layout-flow\">\n<div class=\"wp-block-columns is-layout-flex wp-container-core-columns-is-layout-9d6595d7 wp-block-columns-is-layout-flex\">\n<div class=\"wp-block-column is-layout-flow wp-block-column-is-layout-flow\" style=\"flex-basis:100%\"><\/div>\n<\/div>\n<\/div><\/div>\n","protected":false},"excerpt":{"rendered":"<p>Logop\u00e4din Therapieschwerpunkte Erwachsene: Ich stehe Ihnen gerne therapeutisch zur Seite bei: Artikulationsst\u00f6rungen\/ Sprachfehlern&nbsp; neurologisch bedingten Sprach- und Sprechst\u00f6rungen Stimmst\u00f6rungen Gesichtsl\u00e4hmungen Fehlfunktionen der Kau- und Gesichtsmuskulatur&nbsp;&nbsp; z.B.: Zahnfehlstellungen aufgrund eines falschen Schluckmusters Therapieschwerpunkt Kinder und Jugendliche: Ich stehe Ihnen gerne therapeutisch zur Seite bei: Unsicherheiten aller Art in der Sprachentwicklung (Sprachverst\u00e4ndnis, Wortschatz, Satzbau, Grammatik, Phonologie) Artikulationsst\u00f6rungen\/<\/p>\n<div class=\"read-more-wrapper\"><a class=\"read-more\" href=\"https:\/\/www.praxis-vielfalt.at\/?page_id=34\" title=\"Read More\"> <span class=\"button default\">Read More<\/span><\/a><\/div>\n","protected":false},"author":1,"featured_media":0,"parent":0,"menu_order":0,"comment_status":"closed","ping_status":"closed","template":"","meta":{"footnotes":""},"class_list":["post-34","page","type-page","status-publish","hentry"],"_links":{"self":[{"href":"https:\/\/www.praxis-vielfalt.at\/index.php?rest_route=\/wp\/v2\/pages\/34","targetHints":{"allow":["GET"]}}],"collection":[{"href":"https:\/\/www.praxis-vielfalt.at\/index.php?rest_route=\/wp\/v2\/pages"}],"about":[{"href":"https:\/\/www.praxis-vielfalt.at\/index.php?rest_route=\/wp\/v2\/types\/page"}],"author":[{"embeddable":true,"href":"https:\/\/www.praxis-vielfalt.at\/index.php?rest_route=\/wp\/v2\/users\/1"}],"replies":[{"embeddable":true,"href":"https:\/\/www.praxis-vielfalt.at\/index.php?rest_route=%2Fwp%2Fv2%2Fcomments&post=34"}],"version-history":[{"count":29,"href":"https:\/\/www.praxis-vielfalt.at\/index.php?rest_route=\/wp\/v2\/pages\/34\/revisions"}],"predecessor-version":[{"id":673,"href":"https:\/\/www.praxis-vielfalt.at\/index.php?rest_route=\/wp\/v2\/pages\/34\/revisions\/673"}],"wp:attachment":[{"href":"https:\/\/www.praxis-vielfalt.at\/index.php?rest_route=%2Fwp%2Fv2%2Fmedia&parent=34"}],"curies":[{"name":"wp","href":"https:\/\/api.w.org\/{rel}","templated":true}]}}