{"id":5,"date":"2021-03-10T12:07:21","date_gmt":"2021-03-10T12:07:21","guid":{"rendered":"http:\/\/www.praxis-vielfalt.at\/?page_id=5"},"modified":"2022-01-08T09:09:13","modified_gmt":"2022-01-08T09:09:13","slug":"home","status":"publish","type":"page","link":"https:\/\/www.praxis-vielfalt.at\/","title":{"rendered":"Das sind wir"},"content":{"rendered":"\n<p class=\"has-text-align-center\">Willkommen!<\/p>\n\n\n\n<p class=\"has-text-align-center\">Der Name ist Programm \u2013 Die Praxis Vielfalt bietet ein facettenreiches und ganzheitliches Angebot.<\/p>\n\n\n\n<p class=\"has-text-align-center\">Die Behandlungsm\u00f6glichkeiten umfassen K\u00f6rper, Seele und Sprache.<\/p>\n\n\n\n<p><\/p>\n\n\n\n<div class=\"wp-block-image\"><figure class=\"aligncenter size-large\"><img loading=\"lazy\" decoding=\"async\" width=\"1024\" height=\"516\" src=\"http:\/\/www.praxis-vielfalt.at\/wp-content\/uploads\/2021\/12\/Team-2-17-von-83-1024x516.jpg\" alt=\"\" class=\"wp-image-678\" srcset=\"https:\/\/www.praxis-vielfalt.at\/wp-content\/uploads\/2021\/12\/Team-2-17-von-83-1024x516.jpg 1024w, https:\/\/www.praxis-vielfalt.at\/wp-content\/uploads\/2021\/12\/Team-2-17-von-83-300x151.jpg 300w, https:\/\/www.praxis-vielfalt.at\/wp-content\/uploads\/2021\/12\/Team-2-17-von-83-768x387.jpg 768w, https:\/\/www.praxis-vielfalt.at\/wp-content\/uploads\/2021\/12\/Team-2-17-von-83-1536x774.jpg 1536w, https:\/\/www.praxis-vielfalt.at\/wp-content\/uploads\/2021\/12\/Team-2-17-von-83-2048x1032.jpg 2048w\" sizes=\"auto, (max-width: 1024px) 100vw, 1024px\" \/><\/figure><\/div>\n\n\n\n<ul class=\"wp-block-list\"><li><a href=\"https:\/\/www.praxis-vielfalt.at\/?page_id=29\" data-type=\"page\" data-id=\"29\">Mag.<sup>a<\/sup> Bettina Aschauer-Guth<\/a><\/li><li><a href=\"https:\/\/www.praxis-vielfalt.at\/?page_id=31\" data-type=\"page\" data-id=\"31\">Claudia Graf<\/a><\/li><li><a href=\"https:\/\/www.praxis-vielfalt.at\/?page_id=36\" data-type=\"page\" data-id=\"36\">Katharina Sch\u00f6ny<\/a> <\/li><li><a href=\"https:\/\/www.praxis-vielfalt.at\/?page_id=38\" data-type=\"page\" data-id=\"38\">Elisabeth Seidl<\/a><\/li><li><a href=\"https:\/\/www.praxis-vielfalt.at\/?page_id=34\" data-type=\"page\" data-id=\"34\">Bernadette Walch (Sch\u00f6ny)<\/a><\/li><\/ul>\n","protected":false},"excerpt":{"rendered":"<p>Willkommen! Der Name ist Programm \u2013 Die Praxis Vielfalt bietet ein facettenreiches und ganzheitliches Angebot. Die Behandlungsm\u00f6glichkeiten umfassen K\u00f6rper, Seele und Sprache. Mag.a Bettina Aschauer-Guth Claudia Graf Katharina Sch\u00f6ny Elisabeth Seidl Bernadette Walch (Sch\u00f6ny)<\/p>\n<div class=\"read-more-wrapper\"><a class=\"read-more\" href=\"https:\/\/www.praxis-vielfalt.at\/\" title=\"Read More\"> <span class=\"button default\">Read More<\/span><\/a><\/div>\n","protected":false},"author":1,"featured_media":0,"parent":0,"menu_order":0,"comment_status":"closed","ping_status":"closed","template":"","meta":{"footnotes":""},"class_list":["post-5","page","type-page","status-publish","hentry"],"_links":{"self":[{"href":"https:\/\/www.praxis-vielfalt.at\/index.php?rest_route=\/wp\/v2\/pages\/5","targetHints":{"allow":["GET"]}}],"collection":[{"href":"https:\/\/www.praxis-vielfalt.at\/index.php?rest_route=\/wp\/v2\/pages"}],"about":[{"href":"https:\/\/www.praxis-vielfalt.at\/index.php?rest_route=\/wp\/v2\/types\/page"}],"author":[{"embeddable":true,"href":"https:\/\/www.praxis-vielfalt.at\/index.php?rest_route=\/wp\/v2\/users\/1"}],"replies":[{"embeddable":true,"href":"https:\/\/www.praxis-vielfalt.at\/index.php?rest_route=%2Fwp%2Fv2%2Fcomments&post=5"}],"version-history":[{"count":53,"href":"https:\/\/www.praxis-vielfalt.at\/index.php?rest_route=\/wp\/v2\/pages\/5\/revisions"}],"predecessor-version":[{"id":724,"href":"https:\/\/www.praxis-vielfalt.at\/index.php?rest_route=\/wp\/v2\/pages\/5\/revisions\/724"}],"wp:attachment":[{"href":"https:\/\/www.praxis-vielfalt.at\/index.php?rest_route=%2Fwp%2Fv2%2Fmedia&parent=5"}],"curies":[{"name":"wp","href":"https:\/\/api.w.org\/{rel}","templated":true}]}}