{"id":54,"date":"2021-03-12T09:50:17","date_gmt":"2021-03-12T09:50:17","guid":{"rendered":"http:\/\/www.praxis-vielfalt.at\/?page_id=54"},"modified":"2021-11-21T07:54:46","modified_gmt":"2021-11-21T07:54:46","slug":"heilmassage","status":"publish","type":"page","link":"https:\/\/www.praxis-vielfalt.at\/?page_id=54","title":{"rendered":"Heilmassage"},"content":{"rendered":"\n<h3 class=\"wp-block-heading\">Behandlung<\/h3>\n\n\n\n<p>Bei der klassischen Massagetherapie werden folgende Grifftechniken verwendet:<\/p>\n\n\n\n<ul class=\"wp-block-list\"><li>Streichungen<\/li><li>Knetungen<\/li><li>Reibungen oder Friktionen<\/li><li>Vibrationen und<\/li><li>Klopfungen.<\/li><\/ul>\n\n\n\n<p>Abh\u00e4ngig vom Therapieziel werden verschiedenen Griffarten und deren Anwendungsm\u00f6glichkeiten zu einem individuellen Behandlungsplan zusammengestellt. Dieser ist auf das Krankheitsbild, den Zustand der behandelten Person und dem aktuellen Gewebebefund abgestimmt. Wahl der Grifftechnik, methodischer Aufbau, die Intensit\u00e4t und Dauer sowie die fl\u00e4chige Ausdehnung richten sich nach dem Zweck, der mit der Massage erzielt werden soll. Genaue Kenntnisse der physiologischen Wirkung der Massage und der Griffe sind dabei von gro\u00dfer Wichtigkeit.<\/p>\n\n\n\n<h3 class=\"wp-block-heading\"><br>Die Wirkung der Massage<\/h3>\n\n\n\n<p><em>Auf die Haut:<\/em>&nbsp;Bereits leichte Streichungen oder Reibungen bewirken eine R\u00f6tung der Haut. Dabei werden die Kapillaren (kleinste arterielle Gef\u00e4\u00dfe), oberfl\u00e4chliche Venen und das Lymphsystem angesprochen. Das darunter liegende Gewebe und die Unterhaut reagiert auf die etwas kr\u00e4ftigeren Massagegriffe.<\/p>\n\n\n\n<p><em>Auf die Muskulatur:<\/em>&nbsp;Es kommt zu einer besseren Durchblutung der Muskulatur. Die gesteigerte Flie\u00dfgeschwindigkeit des Blutes tr\u00e4gt zum z\u00fcgigen Abtransport von Stoffwechselendprodukten bei. Gleichzeitig kommen Sauerstoff und wichtige N\u00e4hrstoffe viel schneller zu den Zellen, so dass sie sich besser regenerieren k\u00f6nnen.<\/p>\n\n\n\n<p><em>Auf das Nervensystem:<\/em>&nbsp;Durch das Massieren werden verschiedenste Sensoren in Haut, Muskulatur, Sehnen und Blutgef\u00e4\u00dfen gereizt. Durch die Verbindung des Nervensystems mit allen Bereichen des menschlichen Organismus k\u00f6nnen Ver\u00e4nderungen von Teilen des Nervensystems auf die Organe und Organsysteme zur\u00fcckwirken. Massage kann den nervalen Spannungszustand ver\u00e4ndern, sie kann die allgemeine Stimmungslage der massierten Person positiv beeinflussen und es kommt zu einer beschleunigten Regeneration stark beanspruchter Muskelpartien.<\/p>\n\n\n\n<h3 class=\"wp-block-heading\"><br>Wann eine Massage hilfreich sein kann (Indikationen)<\/h3>\n\n\n\n<ul class=\"wp-block-list\"><li>Erkrankungen des rheumatischen Formenkreises<\/li><li>Muskel\u00fcberlastungen des passiven und aktiven Bewegungsapparates<\/li><li>Nach Operationen am Bewegungsapparat<\/li><li>Narbige und gewebliche Strukturver\u00e4nderungen<\/li><li>Nach Verletzungen, Operationen<\/li><li>Fehlatemformen (z. B. Asthma, chronische Bronchitis)<\/li><li>Herzleiden<\/li><li>Arterielle Hypertonie (Bluthochdruck)<\/li><li>K\u00f6rperliche Entwicklungshemmungen bei Kindern<\/li><li>Psychovegetative Syndrome (nerv\u00f6s bedingte Leiden)<\/li><\/ul>\n\n\n\n<p>Genauere Informationen erhalten bei Elisabeth Seidl: <a href=\"http:\/\/www.die-heilmasseurin.at\">www.die-heilmasseurin.at<\/a><\/p>\n\n\n\n<p><\/p>\n\n\n\n<p><\/p>\n\n\n\n<p><\/p>\n","protected":false},"excerpt":{"rendered":"<p>Behandlung Bei der klassischen Massagetherapie werden folgende Grifftechniken verwendet: Streichungen Knetungen Reibungen oder Friktionen Vibrationen und Klopfungen. Abh\u00e4ngig vom Therapieziel werden verschiedenen Griffarten und deren Anwendungsm\u00f6glichkeiten zu einem individuellen Behandlungsplan zusammengestellt. Dieser ist auf das Krankheitsbild, den Zustand der behandelten Person und dem aktuellen Gewebebefund abgestimmt. Wahl der Grifftechnik, methodischer Aufbau, die Intensit\u00e4t und Dauer<\/p>\n<div class=\"read-more-wrapper\"><a class=\"read-more\" href=\"https:\/\/www.praxis-vielfalt.at\/?page_id=54\" title=\"Read More\"> <span class=\"button default\">Read More<\/span><\/a><\/div>\n","protected":false},"author":1,"featured_media":0,"parent":47,"menu_order":0,"comment_status":"closed","ping_status":"closed","template":"","meta":{"footnotes":""},"class_list":["post-54","page","type-page","status-publish","hentry"],"_links":{"self":[{"href":"https:\/\/www.praxis-vielfalt.at\/index.php?rest_route=\/wp\/v2\/pages\/54","targetHints":{"allow":["GET"]}}],"collection":[{"href":"https:\/\/www.praxis-vielfalt.at\/index.php?rest_route=\/wp\/v2\/pages"}],"about":[{"href":"https:\/\/www.praxis-vielfalt.at\/index.php?rest_route=\/wp\/v2\/types\/page"}],"author":[{"embeddable":true,"href":"https:\/\/www.praxis-vielfalt.at\/index.php?rest_route=\/wp\/v2\/users\/1"}],"replies":[{"embeddable":true,"href":"https:\/\/www.praxis-vielfalt.at\/index.php?rest_route=%2Fwp%2Fv2%2Fcomments&post=54"}],"version-history":[{"count":6,"href":"https:\/\/www.praxis-vielfalt.at\/index.php?rest_route=\/wp\/v2\/pages\/54\/revisions"}],"predecessor-version":[{"id":608,"href":"https:\/\/www.praxis-vielfalt.at\/index.php?rest_route=\/wp\/v2\/pages\/54\/revisions\/608"}],"up":[{"embeddable":true,"href":"https:\/\/www.praxis-vielfalt.at\/index.php?rest_route=\/wp\/v2\/pages\/47"}],"wp:attachment":[{"href":"https:\/\/www.praxis-vielfalt.at\/index.php?rest_route=%2Fwp%2Fv2%2Fmedia&parent=54"}],"curies":[{"name":"wp","href":"https:\/\/api.w.org\/{rel}","templated":true}]}}