{"id":56,"date":"2021-03-12T09:50:34","date_gmt":"2021-03-12T09:50:34","guid":{"rendered":"http:\/\/www.praxis-vielfalt.at\/?page_id=56"},"modified":"2021-11-21T08:36:26","modified_gmt":"2021-11-21T08:36:26","slug":"shiatsu","status":"publish","type":"page","link":"https:\/\/www.praxis-vielfalt.at\/?page_id=56","title":{"rendered":"Shiatsu"},"content":{"rendered":"\n<p>Ursprung: Shiatsu (jap. Fingerdruck) hat seinen Ursprung in Jahrtausende altem fern\u00f6stlichen Heilwissen und wurde in Japan zu einer eigenst\u00e4ndigen Form von K\u00f6rperarbeit weiterentwickelt.<\/p>\n\n\n\n<p>Methode: Shiatsu ist eine Ganzk\u00f6rperbehandlung und wird bekleidet auf einer bequemen Matte am Boden gegeben. Durch dosierten, achtsamen Druck, sowie Rotationen und Dehnungen wird der Energiefluss in den Meridianen- jenen Energieleitbahnen, die den K\u00f6rper wie ein feines Netz durchziehen- ber\u00fchrt, bewegt und ausgeglichen.<\/p>\n\n\n\n<div class=\"wp-block-group\"><div class=\"wp-block-group__inner-container is-layout-flow wp-block-group-is-layout-flow\">\n<p>So werden Impulse gesetzt, damit sich Blockaden l\u00f6sen und die Lebensenergie (Chi) bestm\u00f6glich flie\u00dfen kann. Shiatsu versteht sich als alternative ganzheitliche Form der Ber\u00fchrung, in der immer der Mensch in seiner Ganzheit im Mittelpunkt steht.<\/p>\n\n\n\n<p>Genauere Informationen finden sie unter: <a href=\"http:\/\/www.claudiagraf.at\">www.claudiagraf.at<\/a><\/p>\n\n\n\n<p>Tel.: 06644641014<\/p>\n<\/div><\/div>\n","protected":false},"excerpt":{"rendered":"<p>Ursprung: Shiatsu (jap. Fingerdruck) hat seinen Ursprung in Jahrtausende altem fern\u00f6stlichen Heilwissen und wurde in Japan zu einer eigenst\u00e4ndigen Form von K\u00f6rperarbeit weiterentwickelt. Methode: Shiatsu ist eine Ganzk\u00f6rperbehandlung und wird bekleidet auf einer bequemen Matte am Boden gegeben. Durch dosierten, achtsamen Druck, sowie Rotationen und Dehnungen wird der Energiefluss in den Meridianen- jenen Energieleitbahnen, die<\/p>\n<div class=\"read-more-wrapper\"><a class=\"read-more\" href=\"https:\/\/www.praxis-vielfalt.at\/?page_id=56\" title=\"Read More\"> <span class=\"button default\">Read More<\/span><\/a><\/div>\n","protected":false},"author":1,"featured_media":0,"parent":47,"menu_order":0,"comment_status":"closed","ping_status":"closed","template":"","meta":{"footnotes":""},"class_list":["post-56","page","type-page","status-publish","hentry"],"_links":{"self":[{"href":"https:\/\/www.praxis-vielfalt.at\/index.php?rest_route=\/wp\/v2\/pages\/56","targetHints":{"allow":["GET"]}}],"collection":[{"href":"https:\/\/www.praxis-vielfalt.at\/index.php?rest_route=\/wp\/v2\/pages"}],"about":[{"href":"https:\/\/www.praxis-vielfalt.at\/index.php?rest_route=\/wp\/v2\/types\/page"}],"author":[{"embeddable":true,"href":"https:\/\/www.praxis-vielfalt.at\/index.php?rest_route=\/wp\/v2\/users\/1"}],"replies":[{"embeddable":true,"href":"https:\/\/www.praxis-vielfalt.at\/index.php?rest_route=%2Fwp%2Fv2%2Fcomments&post=56"}],"version-history":[{"count":6,"href":"https:\/\/www.praxis-vielfalt.at\/index.php?rest_route=\/wp\/v2\/pages\/56\/revisions"}],"predecessor-version":[{"id":635,"href":"https:\/\/www.praxis-vielfalt.at\/index.php?rest_route=\/wp\/v2\/pages\/56\/revisions\/635"}],"up":[{"embeddable":true,"href":"https:\/\/www.praxis-vielfalt.at\/index.php?rest_route=\/wp\/v2\/pages\/47"}],"wp:attachment":[{"href":"https:\/\/www.praxis-vielfalt.at\/index.php?rest_route=%2Fwp%2Fv2%2Fmedia&parent=56"}],"curies":[{"name":"wp","href":"https:\/\/api.w.org\/{rel}","templated":true}]}}