{"id":58,"date":"2021-03-12T09:50:48","date_gmt":"2021-03-12T09:50:48","guid":{"rendered":"http:\/\/www.praxis-vielfalt.at\/?page_id=58"},"modified":"2021-12-14T15:46:20","modified_gmt":"2021-12-14T15:46:20","slug":"physiotherapie","status":"publish","type":"page","link":"https:\/\/www.praxis-vielfalt.at\/?page_id=58","title":{"rendered":"Physiotherapie"},"content":{"rendered":"\n<p>Die Physiotherapie unterst\u00fctzt den K\u00f6rper darin seine nat\u00fcrlichen Bewegungsabl\u00e4ufe wiederzuerlangen. Das kann notwendig sein nach einem Unfall, einer Operation am Bewegungsapparat oder nach pl\u00f6tzlich auftretenden k\u00f6rperlichen Bewegungseinschr\u00e4nkungen mit oder ohne Schmerzen.<br>W\u00e4hrend der physiotherapeutischen Behandlung kommen aktive Techniken (spezielle \u00dcbungen) und auch passive Techniken (z.B. manuelle Therapie bei Muskel-,oder Gelenksbehandlung) zum Einsatz.&nbsp;<br>Ein individuell angepasstes \u00dcbungsprogramm tr\u00e4gt zus\u00e4tzlich dazu bei, Ihnen den Weg zu Schmerzfreiheit und Selbst\u00e4ndigkeit im Alltag wieder zu erm\u00f6glichen.&nbsp;<\/p>\n\n\n\n<p><\/p>\n\n\n\n<p>Genauere Informationen erhalten Sie bei:<\/p>\n\n\n\n<p><strong>Katharina Sch\u00f6ny<\/strong><\/p>\n\n\n\n<p>+43 6503312913<\/p>\n\n\n\n<p><\/p>\n\n\n\n<p><\/p>\n","protected":false},"excerpt":{"rendered":"<p>Die Physiotherapie unterst\u00fctzt den K\u00f6rper darin seine nat\u00fcrlichen Bewegungsabl\u00e4ufe wiederzuerlangen. Das kann notwendig sein nach einem Unfall, einer Operation am Bewegungsapparat oder nach pl\u00f6tzlich auftretenden k\u00f6rperlichen Bewegungseinschr\u00e4nkungen mit oder ohne Schmerzen.W\u00e4hrend der physiotherapeutischen Behandlung kommen aktive Techniken (spezielle \u00dcbungen) und auch passive Techniken (z.B. manuelle Therapie bei Muskel-,oder Gelenksbehandlung) zum Einsatz.&nbsp;Ein individuell angepasstes \u00dcbungsprogramm tr\u00e4gt<\/p>\n<div class=\"read-more-wrapper\"><a class=\"read-more\" href=\"https:\/\/www.praxis-vielfalt.at\/?page_id=58\" title=\"Read More\"> <span class=\"button default\">Read More<\/span><\/a><\/div>\n","protected":false},"author":1,"featured_media":0,"parent":47,"menu_order":0,"comment_status":"closed","ping_status":"closed","template":"","meta":{"footnotes":""},"class_list":["post-58","page","type-page","status-publish","hentry"],"_links":{"self":[{"href":"https:\/\/www.praxis-vielfalt.at\/index.php?rest_route=\/wp\/v2\/pages\/58","targetHints":{"allow":["GET"]}}],"collection":[{"href":"https:\/\/www.praxis-vielfalt.at\/index.php?rest_route=\/wp\/v2\/pages"}],"about":[{"href":"https:\/\/www.praxis-vielfalt.at\/index.php?rest_route=\/wp\/v2\/types\/page"}],"author":[{"embeddable":true,"href":"https:\/\/www.praxis-vielfalt.at\/index.php?rest_route=\/wp\/v2\/users\/1"}],"replies":[{"embeddable":true,"href":"https:\/\/www.praxis-vielfalt.at\/index.php?rest_route=%2Fwp%2Fv2%2Fcomments&post=58"}],"version-history":[{"count":6,"href":"https:\/\/www.praxis-vielfalt.at\/index.php?rest_route=\/wp\/v2\/pages\/58\/revisions"}],"predecessor-version":[{"id":699,"href":"https:\/\/www.praxis-vielfalt.at\/index.php?rest_route=\/wp\/v2\/pages\/58\/revisions\/699"}],"up":[{"embeddable":true,"href":"https:\/\/www.praxis-vielfalt.at\/index.php?rest_route=\/wp\/v2\/pages\/47"}],"wp:attachment":[{"href":"https:\/\/www.praxis-vielfalt.at\/index.php?rest_route=%2Fwp%2Fv2%2Fmedia&parent=58"}],"curies":[{"name":"wp","href":"https:\/\/api.w.org\/{rel}","templated":true}]}}