{"id":703,"date":"2021-12-14T15:54:09","date_gmt":"2021-12-14T15:54:09","guid":{"rendered":"https:\/\/www.praxis-vielfalt.at\/?page_id=703"},"modified":"2021-12-14T15:54:26","modified_gmt":"2021-12-14T15:54:26","slug":"osteopathie-2","status":"publish","type":"page","link":"https:\/\/www.praxis-vielfalt.at\/?page_id=703","title":{"rendered":"Osteopathie"},"content":{"rendered":"\n<p>Die Osteopathie behandelt sowohl den &nbsp;Bewegungsapparat als auch das Organsystem und das Fl\u00fcssigkeits- und Nervensystem.<br>Blockaden und Funktionsst\u00f6rungen lassen sich dadurch besser ersp\u00fcren und behandeln.<br>Mithilfe gezielter osteopathischer Techniken kann Ihr K\u00f6rper umfangreich dabei unterst\u00fctzt werden, die verschiedenen Systeme wieder durchl\u00e4ssig zu machen und den nat\u00fcrlichen Fluss wiederherzustellen.<br>Bereits lang bestehende, oder chronische Beschwerden, die durch andere Therapien nicht beeinflusst werden konnten, lassen sich durch den ganzheitlichen Ansatz der osteopathischen Untersuchung und Behandlung sehr oft deutlich verbessern.<\/p>\n\n\n\n<p><\/p>\n\n\n\n<p>Weitere Informationen erhalten Sie bei <\/p>\n\n\n\n<p><strong>Katharina Sch\u00f6ny<\/strong><\/p>\n\n\n\n<p>+43 6503312913<\/p>\n","protected":false},"excerpt":{"rendered":"<p>Die Osteopathie behandelt sowohl den &nbsp;Bewegungsapparat als auch das Organsystem und das Fl\u00fcssigkeits- und Nervensystem.Blockaden und Funktionsst\u00f6rungen lassen sich dadurch besser ersp\u00fcren und behandeln.Mithilfe gezielter osteopathischer Techniken kann Ihr K\u00f6rper umfangreich dabei unterst\u00fctzt werden, die verschiedenen Systeme wieder durchl\u00e4ssig zu machen und den nat\u00fcrlichen Fluss wiederherzustellen.Bereits lang bestehende, oder chronische Beschwerden, die durch andere Therapien<\/p>\n<div class=\"read-more-wrapper\"><a class=\"read-more\" href=\"https:\/\/www.praxis-vielfalt.at\/?page_id=703\" title=\"Read More\"> <span class=\"button default\">Read More<\/span><\/a><\/div>\n","protected":false},"author":1,"featured_media":0,"parent":0,"menu_order":0,"comment_status":"closed","ping_status":"closed","template":"","meta":{"footnotes":""},"class_list":["post-703","page","type-page","status-publish","hentry"],"_links":{"self":[{"href":"https:\/\/www.praxis-vielfalt.at\/index.php?rest_route=\/wp\/v2\/pages\/703","targetHints":{"allow":["GET"]}}],"collection":[{"href":"https:\/\/www.praxis-vielfalt.at\/index.php?rest_route=\/wp\/v2\/pages"}],"about":[{"href":"https:\/\/www.praxis-vielfalt.at\/index.php?rest_route=\/wp\/v2\/types\/page"}],"author":[{"embeddable":true,"href":"https:\/\/www.praxis-vielfalt.at\/index.php?rest_route=\/wp\/v2\/users\/1"}],"replies":[{"embeddable":true,"href":"https:\/\/www.praxis-vielfalt.at\/index.php?rest_route=%2Fwp%2Fv2%2Fcomments&post=703"}],"version-history":[{"count":2,"href":"https:\/\/www.praxis-vielfalt.at\/index.php?rest_route=\/wp\/v2\/pages\/703\/revisions"}],"predecessor-version":[{"id":705,"href":"https:\/\/www.praxis-vielfalt.at\/index.php?rest_route=\/wp\/v2\/pages\/703\/revisions\/705"}],"wp:attachment":[{"href":"https:\/\/www.praxis-vielfalt.at\/index.php?rest_route=%2Fwp%2Fv2%2Fmedia&parent=703"}],"curies":[{"name":"wp","href":"https:\/\/api.w.org\/{rel}","templated":true}]}}